{"id":463,"date":"2025-11-11T04:09:14","date_gmt":"2025-11-11T03:09:14","guid":{"rendered":"https:\/\/piabajonalon.com\/v10\/?page_id=463"},"modified":"2025-11-20T15:57:48","modified_gmt":"2025-11-20T14:57:48","slug":"politica-de-cookies","status":"publish","type":"page","link":"https:\/\/piabajonalon.com\/v10\/politica-de-cookies\/","title":{"rendered":"Pol\u00edtica de cookies"},"content":{"rendered":"\n<h2 class=\"wp-block-heading\">1. INFORMACI\u00d3N SOBRE COOKIES&nbsp;<\/h2>\n\n\n\n<p>Las cookies y otras tecnolog\u00edas similares tales como local shared objects, flash cookies o p\u00edxeles,&nbsp; son herramientas empleadas por los servidores Web para almacenar y recuperar informaci\u00f3n&nbsp; acerca de sus visitantes, as\u00ed como para ofrecer un correcto funcionamiento del sitio.<\/p>\n\n\n\n<p>Mediante el uso de estos dispositivos se permite al servidor Web recordar algunos datos&nbsp; concernientes al usuario, como sus preferencias para la visualizaci\u00f3n de las p\u00e1ginas de ese&nbsp; servidor, nombre y contrase\u00f1a, productos que m\u00e1s le interesan, etc.<\/p>\n\n\n\n<h4 class=\"wp-block-heading\">COOKIES AFECTADAS POR LA NORMATIVA Y COOKIES EXCEPTUADAS<\/h4>\n\n\n\n<p>Conforme con la Ley 34\/2002, de 11 de julio, de servicios de la sociedad de la informaci\u00f3n y de&nbsp; comercio electr\u00f3nico (LSSI), en relaci\u00f3n con el Reglamento (UE) 2016\/679 del Parlamento&nbsp; Europeo y del Consejo, de 27 de abril de 2016, General de Protecci\u00f3n de Datos (GDPR) y la Ley&nbsp; Org\u00e1nica 3\/2018, de 5 de diciembre, de Protecci\u00f3n de Datos y Garant\u00eda de los Derechos Digitales&nbsp; (LOPDGDD), es obligado obtener el consentimiento expreso del usuario de todas las p\u00e1ginas web&nbsp; que usan cookies prescindibles, antes de que este navegue por ellas.<\/p>\n\n\n\n<p>Seg\u00fan la directiva de la UE, las cookies que requieren el consentimiento informado por parte del&nbsp; usuario son las cookies de anal\u00edtica y las de publicidad y afiliaci\u00f3n, quedando exceptuadas las de&nbsp; car\u00e1cter t\u00e9cnico y las necesarias para el funcionamiento del sitio web o la prestaci\u00f3n de servicios&nbsp; expresamente solicitados por el usuario.<\/p>\n\n\n\n<h4 class=\"wp-block-heading\"><strong>TIPOS DE COOKIES&nbsp;&nbsp;<\/strong><\/h4>\n\n\n\n<p><strong>Seg\u00fan la finalidad&nbsp;&nbsp;<\/strong><\/p>\n\n\n\n<ul class=\"wp-block-list\">\n<li><strong>Cookies t\u00e9cnicas y funcionales<\/strong>: son aquellas que permiten al usuario la navegaci\u00f3n a\u00a0 trav\u00e9s de una p\u00e1gina web, plataforma o aplicaci\u00f3n y la utilizaci\u00f3n de las diferentes\u00a0 opciones o servicios que en ella existan.<\/li>\n\n\n\n<li><strong>\u00a0Cookies anal\u00edticas<\/strong>: son aquellas que permiten al responsable de las mismas el\u00a0 seguimiento y an\u00e1lisis del comportamiento de los usuarios de los sitios web a los que\u00a0 est\u00e1n vinculadas. La informaci\u00f3n recogida mediante este tipo de cookies se utiliza en la\u00a0 medici\u00f3n de la actividad de los sitios web, aplicaci\u00f3n o plataforma y para la elaboraci\u00f3n\u00a0 de perfiles de navegaci\u00f3n de los usuarios de dichos sitios, aplicaciones y plataformas,\u00a0 con el fin de introducir mejoras en funci\u00f3n del an\u00e1lisis de los datos de uso que hacen los\u00a0 usuarios del servicio.<\/li>\n\n\n\n<li><strong>\u00a0Cookies publicitarias<\/strong>: son aquellas que permiten la gesti\u00f3n, de la forma m\u00e1s eficaz\u00a0 posible, de los espacios publicitarios que, en su caso, el editor haya incluido en una\u00a0 p\u00e1gina web, aplicaci\u00f3n o plataforma desde la que presta el servicio solicitado en base a\u00a0 criterios como el contenido editado o la frecuencia en la que se muestran los anuncios.<\/li>\n\n\n\n<li><strong>\u00a0Cookies de publicidad comportamental<\/strong>: recogen informaci\u00f3n sobre las preferencias y\u00a0 elecciones personales del usuario (<em>retargeting<\/em>) para permitir la gesti\u00f3n, de la forma m\u00e1s eficaz posible, de los espacios publicitarios que, en su caso, el editor haya incluido en\u00a0 una p\u00e1gina web, aplicaci\u00f3n o plataforma desde la que presta el servicio solicitado.<\/li>\n<\/ul>\n\n\n\n<p><strong>Seg\u00fan la propiedad&nbsp;&nbsp;<\/strong><\/p>\n\n\n\n<ul class=\"wp-block-list\">\n<li><strong>\u00a0Cookies propias<\/strong>: son aquellas que se env\u00edan al equipo terminal del usuario desde un\u00a0 equipo o dominio gestionado por el propio editor y desde el que se presta el servicio\u00a0 solicitado por el usuario.<\/li>\n\n\n\n<li><strong>\u00a0Cookies de terceros<\/strong>: son aquellas que se env\u00edan al equipo terminal del usuario desde un\u00a0 equipo o dominio que no es gestionado por el editor, sino por otra entidad que trata los\u00a0 datos obtenidos trav\u00e9s de las cookies.<\/li>\n<\/ul>\n\n\n\n<p><strong>Seg\u00fan el plazo de conservaci\u00f3n&nbsp;&nbsp;<\/strong><\/p>\n\n\n\n<ul class=\"wp-block-list\">\n<li><strong>\u00a0Cookies de sesi\u00f3n<\/strong>: son un tipo de cookies dise\u00f1adas para recabar y almacenar datos\u00a0 mientras el usuario accede a una p\u00e1gina web.<\/li>\n\n\n\n<li><strong>\u00a0Cookies persistentes<\/strong>: son un tipo de cookies en el que los datos siguen almacenados en\u00a0 el terminal y pueden ser accedidos y tratados durante un per\u00edodo definido por el\u00a0 responsable de la cookie, y que puede ir de unos minutos a varios a\u00f1os.<\/li>\n<\/ul>\n\n\n\n<h4 class=\"wp-block-heading\"><strong>TRATAMIENTO DE DATOS PERSONALES&nbsp;<\/strong><\/h4>\n\n\n\n<p>Mancomunidad Cinco Villas es el&nbsp;<strong>Responsable del tratamiento&nbsp;<\/strong>de los datos personales del&nbsp;<strong>Interesado&nbsp;<\/strong>y le informa&nbsp; de que estos datos ser\u00e1n tratados de conformidad con lo dispuesto en el Reglamento (UE)&nbsp; 2016\/679, de 27 de abril de 2016 (GDPR), por lo que se le facilita la siguiente informaci\u00f3n del&nbsp; tratamiento:&nbsp;&nbsp;<\/p>\n\n\n\n<p><strong>Fines del tratamiento<\/strong>: seg\u00fan se especifica en el apartado de cookies que se utilizan en este sitio&nbsp; web.&nbsp;&nbsp;<\/p>\n\n\n\n<p><strong>Legitimaci\u00f3n del tratamiento<\/strong>: por consentimiento del interesado (art. 6.1 GDPR).&nbsp;&nbsp;<\/p>\n\n\n\n<p><strong>Criterios de conservaci\u00f3n de los datos<\/strong>: seg\u00fan se especifica en el apartado de cookies utilizadas&nbsp; en la web.&nbsp;&nbsp;<\/p>\n\n\n\n<p><strong>Comunicaci\u00f3n de los datos<\/strong>: no se comunicar\u00e1n los datos a terceros, excepto en cookies&nbsp; propiedad de terceros o por obligaci\u00f3n legal.&nbsp;&nbsp;<\/p>\n\n\n\n<p><strong>Derechos que asisten al Interesado:&nbsp;&nbsp;<\/strong><\/p>\n\n\n\n<ul class=\"wp-block-list\">\n<li>Derecho a retirar el consentimiento en cualquier momento.\u00a0<\/li>\n\n\n\n<li>Derecho de acceso, rectificaci\u00f3n, portabilidad y supresi\u00f3n de sus datos y a la limitaci\u00f3n\u00a0 u oposici\u00f3n a su tratamiento.\u00a0<\/li>\n\n\n\n<li>Derecho a presentar una reclamaci\u00f3n ante la Autoridad de control (www.aepd.es) si\u00a0 considera que el tratamiento no se ajusta a la normativa vigente.\u00a0\u00a0<\/li>\n<\/ul>\n\n\n\n<p><strong>Datos de contacto para ejercer sus derechos<\/strong>: Nombre y Direccion.&nbsp; E-mail:&nbsp;<a href=\"mailto:admon.gerencia@bajonalon.org\">admon.gerencia@bajonalon.org<\/a><\/p>\n\n\n\n<p><strong>COOKIES UTILIZADAS EN ESTE SITIO WEB&nbsp;&nbsp;<\/strong><\/p>\n\n\n\n<p>En la actualidad, nuestra web no utiliza Cookies.<\/p>\n\n\n\n<h3 class=\"wp-block-heading\">Informaci\u00f3n de utilidad<\/h3>\n\n\n\n<figure class=\"wp-block-table\"><table class=\"has-fixed-layout\"><tbody><tr><td colspan=\"2\"><strong>C\u00d3MO ELIMINAR LAS COOKIES DE LOS NAVEGADORES M\u00c1S COMUNES<\/strong><\/td><\/tr><tr><td><strong>Chrome&nbsp;<\/strong><\/td><td><a href=\"http:\/\/support.google.com\/chrome\/answer\/95647?hl=es\">http:\/\/support.google.com\/chrome\/answer\/95647?hl=es<\/a><\/td><\/tr><tr><td><strong>Edge&nbsp;<\/strong><\/td><td><a href=\"https:\/\/support.microsoft.com\/es-es\/microsoft-edge\/eliminar-las-cookies-en-microsoft-edge%2063947406-40ac-c3b8-57b9-2a946a29ae09\">https:\/\/support.microsoft.com\/es-es\/microsoft-edge\/eliminar-las-cookies-en-microsoft-edge 63947406-40ac-c3b8-57b9-2a946a29ae09<\/a><\/td><\/tr><tr><td><strong>Explorer&nbsp;<\/strong><\/td><td><a href=\"https:\/\/support.microsoft.com\/es-es\/help\/278835\/how-to-delete-cookie-files-in-internet-explorer\">https:\/\/support.microsoft.com\/es-es\/help\/278835\/how-to-delete-cookie-files-in-internet-explorer<\/a><\/td><\/tr><tr><td><strong>Firefox&nbsp;<\/strong><\/td><td><a href=\"https:\/\/www.mozilla.org\/es-ES\/privacy\/websites\/#cookies\">https:\/\/www.mozilla.org\/es-ES\/privacy\/websites\/#cookies<\/a><\/td><\/tr><tr><td><strong>Safari&nbsp;<\/strong><\/td><td><a href=\"https:\/\/support.apple.com\/es-es\/guide\/safari\/sfri11471\/mac\">https:\/\/support.apple.com\/es-es\/guide\/safari\/sfri11471\/mac<\/a><\/td><\/tr><tr><td><strong>Opera&nbsp;<\/strong><\/td><td><a href=\"https:\/\/help.opera.com\/en\/latest\/security-and-privacy\/#clearBrowsingData\">https:\/\/help.opera.com\/en\/latest\/security-and-privacy\/#clearBrowsingData<\/a><\/td><\/tr><\/tbody><\/table><\/figure>\n","protected":false},"excerpt":{"rendered":"<p>1. INFORMACI\u00d3N SOBRE COOKIES&nbsp; Las cookies y otras tecnolog\u00edas similares tales como local shared objects, flash cookies o p\u00edxeles,&nbsp; son herramientas empleadas por los servidores Web para almacenar y recuperar informaci\u00f3n&nbsp; acerca de sus visitantes, as\u00ed como para ofrecer un correcto funcionamiento del sitio. Mediante el uso de estos dispositivos se permite al servidor Web<\/p>\n","protected":false},"author":4,"featured_media":0,"parent":0,"menu_order":0,"comment_status":"closed","ping_status":"closed","template":"","meta":{"footnotes":""},"class_list":["post-463","page","type-page","status-publish","hentry"],"_links":{"self":[{"href":"https:\/\/piabajonalon.com\/v10\/wp-json\/wp\/v2\/pages\/463","targetHints":{"allow":["GET"]}}],"collection":[{"href":"https:\/\/piabajonalon.com\/v10\/wp-json\/wp\/v2\/pages"}],"about":[{"href":"https:\/\/piabajonalon.com\/v10\/wp-json\/wp\/v2\/types\/page"}],"author":[{"embeddable":true,"href":"https:\/\/piabajonalon.com\/v10\/wp-json\/wp\/v2\/users\/4"}],"replies":[{"embeddable":true,"href":"https:\/\/piabajonalon.com\/v10\/wp-json\/wp\/v2\/comments?post=463"}],"version-history":[{"count":1,"href":"https:\/\/piabajonalon.com\/v10\/wp-json\/wp\/v2\/pages\/463\/revisions"}],"predecessor-version":[{"id":464,"href":"https:\/\/piabajonalon.com\/v10\/wp-json\/wp\/v2\/pages\/463\/revisions\/464"}],"wp:attachment":[{"href":"https:\/\/piabajonalon.com\/v10\/wp-json\/wp\/v2\/media?parent=463"}],"curies":[{"name":"wp","href":"https:\/\/api.w.org\/{rel}","templated":true}]}}