{"id":34,"date":"2025-11-10T19:21:23","date_gmt":"2025-11-10T18:21:23","guid":{"rendered":"https:\/\/piabajonalon.com\/v10\/?page_id=34"},"modified":"2025-11-24T15:16:54","modified_gmt":"2025-11-24T14:16:54","slug":"recursos-y-apoyo-a-las-familias","status":"publish","type":"page","link":"https:\/\/piabajonalon.com\/v10\/recursos-y-apoyo-a-las-familias\/","title":{"rendered":"Recursos y Apoyo a las Familias"},"content":{"rendered":"\n<p><em>Ponemos a tu disposici\u00f3n materiales, gu\u00edas y contactos para apoyarte en la educaci\u00f3n y el bienestar de tus hijos e hijas. Inf\u00f3rmate sobre talleres para familias, cursos de educaci\u00f3n digital, escuelas de salud familiar y recursos para afrontar los retos de cada etapa. Nuestro equipo est\u00e1 aqu\u00ed para orientarte y acompa\u00f1arte en todo momento.<\/em><\/p>\n\n\n\n<div data-wp-interactive=\"core\/file\" class=\"wp-block-file\"><object data-wp-bind--hidden=\"!state.hasPdfPreview\" hidden class=\"wp-block-file__embed\" data=\"https:\/\/piabajonalon.com\/v10\/wp-content\/uploads\/2025\/11\/Plan-de-Infancia_Mancomunidad5Villas_2025-2030-version-web.pdf\" type=\"application\/pdf\" style=\"width:100%;height:600px\" aria-label=\"Incrustado de Plan de Infancia_Mancomunidad5Villas_2025-2030 version web.\"><\/object><a id=\"wp-block-file--media-edfb2638-014e-4c22-8bd4-013c6f083fe5\" href=\"https:\/\/piabajonalon.com\/v10\/wp-content\/uploads\/2025\/11\/Plan-de-Infancia_Mancomunidad5Villas_2025-2030-version-web.pdf\">Plan de Infancia_Mancomunidad5Villas_2025-2030 version web<\/a><a href=\"https:\/\/piabajonalon.com\/v10\/wp-content\/uploads\/2025\/11\/Plan-de-Infancia_Mancomunidad5Villas_2025-2030-version-web.pdf\" class=\"wp-block-file__button wp-element-button\" download aria-describedby=\"wp-block-file--media-edfb2638-014e-4c22-8bd4-013c6f083fe5\">Descarga<\/a><\/div>\n","protected":false},"excerpt":{"rendered":"<p>Ponemos a tu disposici\u00f3n materiales, gu\u00edas y contactos para apoyarte en la educaci\u00f3n y el bienestar de tus hijos e hijas. Inf\u00f3rmate sobre talleres para familias, cursos de educaci\u00f3n digital, escuelas de salud familiar y recursos para afrontar los retos de cada etapa. Nuestro equipo est\u00e1 aqu\u00ed para orientarte y acompa\u00f1arte en todo momento.<\/p>\n","protected":false},"author":4,"featured_media":0,"parent":0,"menu_order":0,"comment_status":"closed","ping_status":"closed","template":"","meta":{"footnotes":""},"class_list":["post-34","page","type-page","status-publish","hentry"],"_links":{"self":[{"href":"https:\/\/piabajonalon.com\/v10\/wp-json\/wp\/v2\/pages\/34","targetHints":{"allow":["GET"]}}],"collection":[{"href":"https:\/\/piabajonalon.com\/v10\/wp-json\/wp\/v2\/pages"}],"about":[{"href":"https:\/\/piabajonalon.com\/v10\/wp-json\/wp\/v2\/types\/page"}],"author":[{"embeddable":true,"href":"https:\/\/piabajonalon.com\/v10\/wp-json\/wp\/v2\/users\/4"}],"replies":[{"embeddable":true,"href":"https:\/\/piabajonalon.com\/v10\/wp-json\/wp\/v2\/comments?post=34"}],"version-history":[{"count":3,"href":"https:\/\/piabajonalon.com\/v10\/wp-json\/wp\/v2\/pages\/34\/revisions"}],"predecessor-version":[{"id":510,"href":"https:\/\/piabajonalon.com\/v10\/wp-json\/wp\/v2\/pages\/34\/revisions\/510"}],"wp:attachment":[{"href":"https:\/\/piabajonalon.com\/v10\/wp-json\/wp\/v2\/media?parent=34"}],"curies":[{"name":"wp","href":"https:\/\/api.w.org\/{rel}","templated":true}]}}