{"id":3,"date":"2025-11-06T13:14:12","date_gmt":"2025-11-06T12:14:12","guid":{"rendered":"https:\/\/piabajonalon.com\/v10\/?page_id=3"},"modified":"2025-11-20T15:57:55","modified_gmt":"2025-11-20T14:57:55","slug":"politica-privacidad","status":"publish","type":"page","link":"https:\/\/piabajonalon.com\/v10\/politica-privacidad\/","title":{"rendered":"Pol\u00edtica de privacidad"},"content":{"rendered":"\n<h2 class=\"wp-block-heading\">1. INFORMACI\u00d3N AL USUARIO&nbsp;<\/h2>\n\n\n\n<p><strong>\u00bfQui\u00e9n es el responsable del tratamiento de tus datos personales?&nbsp;<\/strong><\/p>\n\n\n\n<p>Mancomunidad Cinco Villas, con CIF P3300006H, es el RESPONSABLE del tratamiento de los datos personales del USUARIO y le informa&nbsp; de que estos datos ser\u00e1n tratados de conformidad con lo dispuesto en el Reglamento (UE)&nbsp; 2016\/679, de 27 de abril (GDPR), y la Ley Org\u00e1nica 3\/2018, de 5 de diciembre (LOPDGDD).&nbsp;<\/p>\n\n\n\n<p><strong>\u00bfPara qu\u00e9 tratamos tus datos personales?&nbsp;<\/strong><\/p>\n\n\n\n<p>Para mantener una relaci\u00f3n comercial con el usuario. Las operaciones previstas para realizar el&nbsp; tratamiento son:&nbsp;<\/p>\n\n\n\n<ul class=\"wp-block-list\">\n<li>Remisi\u00f3n de comunicaciones comerciales publicitarias por e-mail, fax, SMS, MMS, redes\u00a0 sociales o cualquier otro medio electr\u00f3nico o f\u00edsico, presente o futuro, que posibilite\u00a0 realizar comunicaciones comerciales. Estas comunicaciones ser\u00e1n realizadas por el\u00a0 RESPONSABLE y estar\u00e1n relacionadas con sus productos y servicios, o de sus\u00a0 colaboradores o proveedores, con los que este haya alcanzado alg\u00fan acuerdo de\u00a0 promoci\u00f3n. En este caso, los terceros nunca tendr\u00e1n acceso a los datos personales.\u00a0<\/li>\n\n\n\n<li>Realizar estudios de mercado y an\u00e1lisis estad\u00edsticos.\u00a0<\/li>\n\n\n\n<li>Tramitar encargos, solicitudes, dar respuesta a las consultas o cualquier tipo de petici\u00f3n\u00a0 que sea realizada por el USUARIO a trav\u00e9s de cualquiera de las formas de contacto que\u00a0 se ponen a su disposici\u00f3n en la p\u00e1gina web del RESPONSABLE.\u00a0<\/li>\n\n\n\n<li>Remitir el bolet\u00edn informativo online, sobre novedades, ofertas y promociones en\u00a0 nuestra actividad.\u00a0<\/li>\n<\/ul>\n\n\n\n<p><strong>\u00bfPor qu\u00e9 motivo podemos tratar tus datos personales?&nbsp;<\/strong><\/p>\n\n\n\n<p>Porque el tratamiento est\u00e1 legitimado por el art\u00edculo 6 del GDPR de la siguiente forma: \u2022 Con el consentimiento del USUARIO: remisi\u00f3n de comunicaciones comerciales y del&nbsp; bolet\u00edn informativo.&nbsp;<\/p>\n\n\n\n<ul class=\"wp-block-list\">\n<li>Por inter\u00e9s leg\u00edtimo del RESPONSABLE: realizar estudios de mercado, an\u00e1lisis\u00a0 estad\u00edsticos, etc. y tramitar encargos, solicitudes, etc. a petici\u00f3n del USUARIO.\u00a0<\/li>\n<\/ul>\n\n\n\n<p><strong>\u00bfDurante cu\u00e1nto tiempo guardaremos tus datos personales?&nbsp;<\/strong><\/p>\n\n\n\n<p>Se conservar\u00e1n durante no m\u00e1s tiempo del necesario para mantener el fin del tratamiento o&nbsp; existan prescripciones legales que dictaminen su custodia y cuando ya no sea necesario para&nbsp; ello, se suprimir\u00e1n con medidas de seguridad adecuadas para garantizar la anonimizaci\u00f3n de los&nbsp; datos o la destrucci\u00f3n total de los mismos.&nbsp;<\/p>\n\n\n\n<p><strong>\u00bfA qui\u00e9n facilitamos tus datos personales?&nbsp;<\/strong><\/p>\n\n\n\n<p>No est\u00e1 prevista ninguna comunicaci\u00f3n de datos personales a terceros salvo, si fuese necesario para el desarrollo y ejecuci\u00f3n de las finalidades del tratamiento, a nuestros proveedores de&nbsp; servicios relacionados con comunicaciones, con los cuales el RESPONSABLE tiene suscritos los&nbsp; contratos de confidencialidad y de encargado de tratamiento exigidos por la normativa vigente&nbsp; de privacidad.<\/p>\n\n\n\n<p><strong>\u00bfCu\u00e1les son tus derechos?&nbsp;<\/strong><\/p>\n\n\n\n<p>Los derechos que asisten al USUARIO son:&nbsp;<\/p>\n\n\n\n<ul class=\"wp-block-list\">\n<li>Derecho a retirar el consentimiento en cualquier momento.\u00a0<\/li>\n\n\n\n<li>Derecho de acceso, rectificaci\u00f3n, portabilidad y supresi\u00f3n de sus datos, y de limitaci\u00f3n\u00a0 u oposici\u00f3n a su tratamiento.\u00a0<\/li>\n\n\n\n<li>Derecho a presentar una reclamaci\u00f3n ante la autoridad de control (www.aepd.es) si\u00a0 considera que el tratamiento no se ajusta a la normativa vigente.\u00a0<\/li>\n<\/ul>\n\n\n\n<p><strong>Datos de contacto para ejercer sus derechos:&nbsp;<\/strong><\/p>\n\n\n\n<p>Nombre: P3300006H<br>Direcci\u00f3n: Plaza Marqu\u00e9s de Casa Vald\u00e9s, 1. 33120 \u2013 Pravia.<br>E-mail:&nbsp; admon.gerencia@bajonalon.org&nbsp;<\/p>\n\n\n\n<h3 class=\"wp-block-heading\">2. CAR\u00c1CTER OBLIGATORIO O FACULTATIVO DE LA INFORMACI\u00d3N FACILITADA POR EL USUARIO&nbsp;<\/h3>\n\n\n\n<p>Los USUARIOS, mediante la marcaci\u00f3n de las casillas correspondientes y la entrada de datos en&nbsp; los campos, marcados con un asterisco (*) en el formulario de contacto o presentados en&nbsp; formularios de descarga, aceptan expresamente y de forma libre e inequ\u00edvoca, que sus datos&nbsp; son necesarios para atender su petici\u00f3n, por parte del prestador, siendo voluntaria la inclusi\u00f3n&nbsp; de datos en los campos restantes. El USUARIO garantiza que los datos personales facilitados al&nbsp;<\/p>\n\n\n\n<p>RESPONSABLE son veraces y se hace responsable de comunicar cualquier modificaci\u00f3n de los&nbsp; mismos.&nbsp;<\/p>\n\n\n\n<p>El RESPONSABLE informa de que todos los datos solicitados a trav\u00e9s del sitio web son&nbsp; obligatorios, ya que son necesarios para la prestaci\u00f3n de un servicio \u00f3ptimo al USUARIO. En caso&nbsp; de que no se faciliten todos los datos, no se garantiza que la informaci\u00f3n y servicios facilitados&nbsp; sean completamente ajustados a sus necesidades.&nbsp;<\/p>\n\n\n\n<h3 class=\"wp-block-heading\">3. MEDIDAS DE SEGURIDAD&nbsp;<\/h3>\n\n\n\n<p>Que de conformidad con lo dispuesto en las normativas vigentes en protecci\u00f3n de datos&nbsp; personales, el RESPONSABLE est\u00e1 cumpliendo con todas las disposiciones de las normativas&nbsp; GDPR y LOPDGDD para el tratamiento de los datos personales de su responsabilidad, y&nbsp; manifiestamente con los principios descritos en el art\u00edculo 5 del GDPR, por los cuales son&nbsp; tratados de manera l\u00edcita, leal y transparente en relaci\u00f3n con el interesado y adecuados,&nbsp; pertinentes y limitados a lo necesario en relaci\u00f3n con los fines para los que son tratados.&nbsp;<\/p>\n\n\n\n<p>El RESPONSABLE garantiza que ha implementado pol\u00edticas t\u00e9cnicas y organizativas apropiadas&nbsp; para aplicar las medidas de seguridad que establecen el GDPR y la LOPDGDD con el fin de&nbsp; proteger los derechos y libertades de los USUARIOS y les ha comunicado la informaci\u00f3n&nbsp; adecuada para que puedan ejercerlos.&nbsp;<\/p>\n\n\n\n<p>Para m\u00e1s informaci\u00f3n sobre las garant\u00edas de privacidad, puedes dirigirte al RESPONSABLE a&nbsp; trav\u00e9s de Nombre y Direccion.&nbsp; E-mail: admon.gerencia@bajonalon.org<\/p>\n","protected":false},"excerpt":{"rendered":"<p>1. INFORMACI\u00d3N AL USUARIO&nbsp; \u00bfQui\u00e9n es el responsable del tratamiento de tus datos personales?&nbsp; Mancomunidad Cinco Villas, con CIF P3300006H, es el RESPONSABLE del tratamiento de los datos personales del USUARIO y le informa&nbsp; de que estos datos ser\u00e1n tratados de conformidad con lo dispuesto en el Reglamento (UE)&nbsp; 2016\/679, de 27 de abril (GDPR),<\/p>\n","protected":false},"author":4,"featured_media":0,"parent":0,"menu_order":0,"comment_status":"closed","ping_status":"closed","template":"","meta":{"footnotes":""},"class_list":["post-3","page","type-page","status-publish","hentry"],"_links":{"self":[{"href":"https:\/\/piabajonalon.com\/v10\/wp-json\/wp\/v2\/pages\/3","targetHints":{"allow":["GET"]}}],"collection":[{"href":"https:\/\/piabajonalon.com\/v10\/wp-json\/wp\/v2\/pages"}],"about":[{"href":"https:\/\/piabajonalon.com\/v10\/wp-json\/wp\/v2\/types\/page"}],"author":[{"embeddable":true,"href":"https:\/\/piabajonalon.com\/v10\/wp-json\/wp\/v2\/users\/4"}],"replies":[{"embeddable":true,"href":"https:\/\/piabajonalon.com\/v10\/wp-json\/wp\/v2\/comments?post=3"}],"version-history":[{"count":1,"href":"https:\/\/piabajonalon.com\/v10\/wp-json\/wp\/v2\/pages\/3\/revisions"}],"predecessor-version":[{"id":460,"href":"https:\/\/piabajonalon.com\/v10\/wp-json\/wp\/v2\/pages\/3\/revisions\/460"}],"wp:attachment":[{"href":"https:\/\/piabajonalon.com\/v10\/wp-json\/wp\/v2\/media?parent=3"}],"curies":[{"name":"wp","href":"https:\/\/api.w.org\/{rel}","templated":true}]}}